{"id":1999,"date":"2023-02-16T13:29:40","date_gmt":"2023-02-16T12:29:40","guid":{"rendered":"https:\/\/assk.pimenta.cc\/?page_id=1999"},"modified":"2024-03-23T14:21:17","modified_gmt":"2024-03-23T14:21:17","slug":"aktiviteter","status":"publish","type":"page","link":"https:\/\/assk.no\/index.php\/aktiviteter\/","title":{"rendered":"Aktiviteter"},"content":{"rendered":"\n<p>Klubben tilbyr flere forskjellige aktiviteter innen Sportskyting. Vi har for tiden 3 aktive grupper, NSF gruppa, Cowboy og Dynamisk. <\/p>\n\n\n\n<p>Vi har aktivitet hele \u00e5ret, i vinterhalv\u00e5ret foreg\u00e5r det meste p\u00e5 p\u00e5 Luftbanen, men vi har ogs\u00e5 faste utetreninger p\u00e5 Pistolbanen. <\/p>\n\n\n\n<p>Luftbanen har 7 standplasser med elektroniske skiver for 10m luftpistol. Her trener voksene hver mandag og barn og unge  torsdag. <\/p>\n\n\n\n<p>Pistolbanen p\u00e5 Kvenvikmoen har 25 meters bane med 20 standplasser og venderanlegg. I tillegg er det feltl\u00f8ype med 10 standplasser for 6 skyttere og hold fra 11 m til 42 m. Her er det ogs\u00e5 egne baner for Cowboy og Dynamisk.<a href=\"https:\/\/assk.no\/index.php\/skytetider-2\/\"> Skytetider.<\/a><\/p>\n\n\n\n<p>P\u00e5 25 metersbanen har vi et godt lysanlegg og fast trening p\u00e5 onsdag hele \u00e5ret. <\/p>\n","protected":false},"excerpt":{"rendered":"<p>Klubben tilbyr flere forskjellige aktiviteter innen Sportskyting. Vi har for tiden 3 aktive grupper, NSF gruppa, Cowboy og Dynamisk. Vi har aktivitet hele \u00e5ret, i vinterhalv\u00e5ret foreg\u00e5r det meste p\u00e5 &hellip; <a href=\"https:\/\/assk.no\/index.php\/aktiviteter\/\" class=\"more-link\">Fortsett \u00e5 lese <span class=\"screen-reader-text\">Aktiviteter<\/span> <span class=\"meta-nav\">&rarr;<\/span><\/a><\/p>\n","protected":false},"author":1,"featured_media":0,"parent":0,"menu_order":0,"comment_status":"closed","ping_status":"closed","template":"","meta":{"footnotes":""},"class_list":["post-1999","page","type-page","status-publish","hentry"],"_links":{"self":[{"href":"https:\/\/assk.no\/index.php\/wp-json\/wp\/v2\/pages\/1999","targetHints":{"allow":["GET"]}}],"collection":[{"href":"https:\/\/assk.no\/index.php\/wp-json\/wp\/v2\/pages"}],"about":[{"href":"https:\/\/assk.no\/index.php\/wp-json\/wp\/v2\/types\/page"}],"author":[{"embeddable":true,"href":"https:\/\/assk.no\/index.php\/wp-json\/wp\/v2\/users\/1"}],"replies":[{"embeddable":true,"href":"https:\/\/assk.no\/index.php\/wp-json\/wp\/v2\/comments?post=1999"}],"version-history":[{"count":4,"href":"https:\/\/assk.no\/index.php\/wp-json\/wp\/v2\/pages\/1999\/revisions"}],"predecessor-version":[{"id":3112,"href":"https:\/\/assk.no\/index.php\/wp-json\/wp\/v2\/pages\/1999\/revisions\/3112"}],"wp:attachment":[{"href":"https:\/\/assk.no\/index.php\/wp-json\/wp\/v2\/media?parent=1999"}],"curies":[{"name":"wp","href":"https:\/\/api.w.org\/{rel}","templated":true}]}}