{"id":2218,"date":"2023-02-19T15:35:15","date_gmt":"2023-02-19T15:35:15","guid":{"rendered":"https:\/\/assk.no\/?page_id=2218"},"modified":"2023-02-19T15:35:15","modified_gmt":"2023-02-19T15:35:15","slug":"1g-grovfelt","status":"publish","type":"page","link":"https:\/\/assk.no\/index.php\/1g-grovfelt\/","title":{"rendered":"1G &#8211; Grovfelt"},"content":{"rendered":"\n<p>Denne \u00f8velsen skytes med v\u00e5pen i kaliber 7,62 mm \u2013 9,65 mm (.30 \u2013 .38) og avtrekksvekt min. 1000 gram<\/p>\n\n\n\n<p><\/p>\n\n\n\n<p>6 skudd pr. standplass med skyteavstand mellom 5 og 70 meter<\/p>\n\n\n<div class=\"wp-block-image\">\n<figure class=\"aligncenter size-full is-resized\"><img loading=\"lazy\" decoding=\"async\" src=\"https:\/\/assk.no\/wp-content\/uploads\/2023\/02\/Benelli-mp90s.32wc.jpg\" alt=\"\" class=\"wp-image-2220\" width=\"342\" height=\"257\" srcset=\"https:\/\/assk.no\/wp-content\/uploads\/2023\/02\/Benelli-mp90s.32wc.jpg 900w, https:\/\/assk.no\/wp-content\/uploads\/2023\/02\/Benelli-mp90s.32wc-300x225.jpg 300w, https:\/\/assk.no\/wp-content\/uploads\/2023\/02\/Benelli-mp90s.32wc-768x577.jpg 768w\" sizes=\"auto, (max-width: 342px) 100vw, 342px\" \/><figcaption class=\"wp-element-caption\">Benelli MP90S world cup .32 wc<\/figcaption><\/figure>\n<\/div>\n\n\n<p>Her benyttes det ogs\u00e5 ofte banev\u00e5pen i kal. .32, og skytestilling er som regel den samme som for Finfelt. Siden maks. kaliber er .38 er det mange som benytter samme v\u00e5pen som til Milit\u00e6r eller Revolver.<br>Den praktiske forskjellen mellom disse \u00f8velsene er som regel bare noen flere enh\u00e5ndsstillinger i Grovfelt.<\/p>\n\n\n\n<p>Se&nbsp;<a href=\"http:\/\/www.skyting.no\/wp-content\/uploads\/2015\/10\/nsf-pistolregler_2017.pdf#page=11\" target=\"_blank\" rel=\"noreferrer noopener\">punkt 8.25.7.1.2 i NSF pistolregler (side 11)<\/a>&nbsp;for detaljer.<\/p>\n\n\n\n<p><\/p>\n","protected":false},"excerpt":{"rendered":"<p>Denne \u00f8velsen skytes med v\u00e5pen i kaliber 7,62 mm \u2013 9,65 mm (.30 \u2013 .38) og avtrekksvekt min. 1000 gram 6 skudd pr. standplass med skyteavstand mellom 5 og 70 &hellip; <a href=\"https:\/\/assk.no\/index.php\/1g-grovfelt\/\" class=\"more-link\">Fortsett \u00e5 lese <span class=\"screen-reader-text\">1G &#8211; Grovfelt<\/span> <span class=\"meta-nav\">&rarr;<\/span><\/a><\/p>\n","protected":false},"author":1,"featured_media":0,"parent":0,"menu_order":0,"comment_status":"closed","ping_status":"closed","template":"","meta":{"footnotes":""},"class_list":["post-2218","page","type-page","status-publish","hentry"],"_links":{"self":[{"href":"https:\/\/assk.no\/index.php\/wp-json\/wp\/v2\/pages\/2218","targetHints":{"allow":["GET"]}}],"collection":[{"href":"https:\/\/assk.no\/index.php\/wp-json\/wp\/v2\/pages"}],"about":[{"href":"https:\/\/assk.no\/index.php\/wp-json\/wp\/v2\/types\/page"}],"author":[{"embeddable":true,"href":"https:\/\/assk.no\/index.php\/wp-json\/wp\/v2\/users\/1"}],"replies":[{"embeddable":true,"href":"https:\/\/assk.no\/index.php\/wp-json\/wp\/v2\/comments?post=2218"}],"version-history":[{"count":3,"href":"https:\/\/assk.no\/index.php\/wp-json\/wp\/v2\/pages\/2218\/revisions"}],"predecessor-version":[{"id":2249,"href":"https:\/\/assk.no\/index.php\/wp-json\/wp\/v2\/pages\/2218\/revisions\/2249"}],"wp:attachment":[{"href":"https:\/\/assk.no\/index.php\/wp-json\/wp\/v2\/media?parent=2218"}],"curies":[{"name":"wp","href":"https:\/\/api.w.org\/{rel}","templated":true}]}}