{"id":2228,"date":"2023-02-19T15:34:48","date_gmt":"2023-02-19T15:34:48","guid":{"rendered":"https:\/\/assk.no\/?page_id=2228"},"modified":"2023-02-19T15:34:48","modified_gmt":"2023-02-19T15:34:48","slug":"1sp-spesialpistol","status":"publish","type":"page","link":"https:\/\/assk.no\/index.php\/1sp-spesialpistol\/","title":{"rendered":"1SP &#8211; Spesialpistol"},"content":{"rendered":"\n<p>Dette er en av klassene for sm\u00e5v\u00e5pen i Spesialfelt.&nbsp;&nbsp;Automatpistol i kaliber 5,6 \u2013 11,56 mm (.22LR \u2013 .455). V\u00e5penet m\u00e5 v\u00e6re s\u00e5 lite at det g\u00e5r inn i en m\u00e5lekasse p\u00e5 185x125x35 mm. Vekt p\u00e5 v\u00e5penet, inkl. tomt magasin, maks. 800 gram. Avtrekksvekt min. 1360 gram. Maks l\u00f8pslengde og sikteradius er ellers gitt av begrensingen til m\u00e5lekassa.<\/p>\n\n\n\n<p>5 skudd pr. standplass med skyteavstand mellom 5 og 70 meter.<\/p>\n\n\n<div class=\"wp-block-image\">\n<figure class=\"aligncenter size-full is-resized\"><img loading=\"lazy\" decoding=\"async\" src=\"https:\/\/assk.no\/wp-content\/uploads\/2023\/02\/WEB_Image_Hammerli_X-Esse_Stenvaag_Spesialpistol_2_113434-245796293_plid_83496.jpg\" alt=\"\" class=\"wp-image-2229\" width=\"309\" height=\"228\" srcset=\"https:\/\/assk.no\/wp-content\/uploads\/2023\/02\/WEB_Image_Hammerli_X-Esse_Stenvaag_Spesialpistol_2_113434-245796293_plid_83496.jpg 610w, https:\/\/assk.no\/wp-content\/uploads\/2023\/02\/WEB_Image_Hammerli_X-Esse_Stenvaag_Spesialpistol_2_113434-245796293_plid_83496-300x221.jpg 300w\" sizes=\"auto, (max-width: 309px) 100vw, 309px\" \/><figcaption class=\"wp-element-caption\">Hammerli X-Esse Stenv\u00e5g Spesialpistol 22LR<\/figcaption><\/figure>\n<\/div>\n\n\n<p><\/p>\n\n\n\n<p>Klassen ble opprettet for v\u00e5pen av type James Bonds Walther PPK, men som alltid n\u00e5r det gjelder konkurranseskyting, s\u00e5 blir det gjort tilpasninger for \u00e5 komme s\u00e5 n\u00e6r yttergrensene som mulig. <\/p>\n\n\n\n<p><\/p>\n\n\n\n<p>Ungdom kan skyte denne \u00f8velsen med v\u00e5pen i kal. 22LR, og da toh\u00e5nds p\u00e5 alle standplasser.<\/p>\n\n\n\n<p>Se&nbsp;<a href=\"http:\/\/www.skyting.no\/wp-content\/uploads\/2015\/10\/nsf-pistolregler_2017.pdf#page=12\" target=\"_blank\" rel=\"noreferrer noopener\">punkt 8.25.7.1.5 i NSF pistolregler&nbsp; (side 12)<\/a>&nbsp;for detaljer.<\/p>\n\n\n\n<p><\/p>\n","protected":false},"excerpt":{"rendered":"<p>Dette er en av klassene for sm\u00e5v\u00e5pen i Spesialfelt.&nbsp;&nbsp;Automatpistol i kaliber 5,6 \u2013 11,56 mm (.22LR \u2013 .455). V\u00e5penet m\u00e5 v\u00e6re s\u00e5 lite at det g\u00e5r inn i en m\u00e5lekasse &hellip; <a href=\"https:\/\/assk.no\/index.php\/1sp-spesialpistol\/\" class=\"more-link\">Fortsett \u00e5 lese <span class=\"screen-reader-text\">1SP &#8211; Spesialpistol<\/span> <span class=\"meta-nav\">&rarr;<\/span><\/a><\/p>\n","protected":false},"author":1,"featured_media":0,"parent":0,"menu_order":0,"comment_status":"closed","ping_status":"closed","template":"","meta":{"footnotes":""},"class_list":["post-2228","page","type-page","status-publish","hentry"],"_links":{"self":[{"href":"https:\/\/assk.no\/index.php\/wp-json\/wp\/v2\/pages\/2228","targetHints":{"allow":["GET"]}}],"collection":[{"href":"https:\/\/assk.no\/index.php\/wp-json\/wp\/v2\/pages"}],"about":[{"href":"https:\/\/assk.no\/index.php\/wp-json\/wp\/v2\/types\/page"}],"author":[{"embeddable":true,"href":"https:\/\/assk.no\/index.php\/wp-json\/wp\/v2\/users\/1"}],"replies":[{"embeddable":true,"href":"https:\/\/assk.no\/index.php\/wp-json\/wp\/v2\/comments?post=2228"}],"version-history":[{"count":2,"href":"https:\/\/assk.no\/index.php\/wp-json\/wp\/v2\/pages\/2228\/revisions"}],"predecessor-version":[{"id":2252,"href":"https:\/\/assk.no\/index.php\/wp-json\/wp\/v2\/pages\/2228\/revisions\/2252"}],"wp:attachment":[{"href":"https:\/\/assk.no\/index.php\/wp-json\/wp\/v2\/media?parent=2228"}],"curies":[{"name":"wp","href":"https:\/\/api.w.org\/{rel}","templated":true}]}}