{"id":2240,"date":"2023-02-19T15:34:11","date_gmt":"2023-02-19T15:34:11","guid":{"rendered":"https:\/\/assk.no\/?page_id=2240"},"modified":"2023-02-26T11:34:06","modified_gmt":"2023-02-26T11:34:06","slug":"t96","status":"publish","type":"page","link":"https:\/\/assk.no\/index.php\/t96\/","title":{"rendered":"T96"},"content":{"rendered":"\n<p>T96 er en \u00f8velse for alle bane- eller feltskyttere i pistol, hvor det er en h\u00f8yere vanskelighetsgrad p\u00e5 denne \u00f8velsen i forhold til andre.<\/p>\n\n\n\n<p>Dette er grunnet st\u00f8rrelse p\u00e5 blinken, skytetider og skyteavstander. En kan stille i alle felt- og spesialfelt\u00f8velsene. \u00d8velsen skytes med samme v\u00e5pen og klasser som Felt og Spesialfelt\u00f8velsene og er et presisjonsprogram. \u00d8velsen er spesielt beregnet p\u00e5 Feltskyttere og skytes p\u00e5 avstander fra 11 til 25 meter og tider fra 150 til 10 sekunder, en-h\u00e5nd og to-h\u00e5nd skyting.<\/p>\n\n\n\n<p><a href=\"https:\/\/www.skyting.no\/wp-content\/uploads\/2019\/11\/t96-reglementskapittel-versjon-5.pdf\" target=\"_blank\" rel=\"noreferrer noopener\">Regelverket for T96 finner du her<\/a><\/p>\n\n\n\n<figure class=\"wp-block-image\"><img decoding=\"async\" src=\"https:\/\/melhus-ss.no\/wp-content\/uploads\/2022\/03\/blink-t96-300x300-1.jpg\" alt=\"\"\/><figcaption class=\"wp-element-caption\">Slik ser T96 blinken ut<\/figcaption><\/figure>\n\n\n\n<p>T96 har sin bakgrunn i et \u00f8velsesprogram utviklet Jacob Kr\u00e5kevik for \u00e5 bedre presisjon i feltskyting. Etter eget utsagn fordi han tapte en omskyting i NM.<\/p>\n\n\n\n<p>En full \u00f8velse i T96 inneb\u00e6rer 16 serier \u00e0 5 eller 6 skudd, fordelt p\u00e5 3 ulike hold og 2 forskjellige skytestillinger.<\/p>\n\n\n\n<ul class=\"wp-block-list\">\n<li>6 serier p\u00e5 11 meter<\/li>\n\n\n\n<li>6 serier p\u00e5 15 meter<\/li>\n\n\n\n<li>4 serier p\u00e5 25 meter.<\/li>\n<\/ul>\n\n\n\n<p>Skytetider: 150, 20 eller 10 sekund<br>Stillinger: St\u00e5ende fri eller st\u00e5ende en h\u00e5nds.<\/p>\n\n\n\n<p>All v\u00e5pen og kaliber som kan benyttes i felt eller spesialfelt kan benyttes. Det konkurreres ogs\u00e5 innenfor de samme \u00f8velsene, som Spesialpistol eller Finfelt.<\/p>\n\n\n\n<p><a rel=\"noreferrer noopener\" href=\"https:\/\/www.skyting.no\/2019\/11\/25\/ny-nasjonal-ovelse-for-pistol-t96\/\" target=\"_blank\">Les mer om T96 p\u00e5 Norges Skytterforbund sine sider<\/a> eller se p\u00e5 <a href=\"https:\/\/www.youtube.com\/watch?v=8v2pocBPrNo\">YouTube<\/a><\/p>\n\n\n\n<p><\/p>\n\n\n\n<p><\/p>\n","protected":false},"excerpt":{"rendered":"<p>T96 er en \u00f8velse for alle bane- eller feltskyttere i pistol, hvor det er en h\u00f8yere vanskelighetsgrad p\u00e5 denne \u00f8velsen i forhold til andre. Dette er grunnet st\u00f8rrelse p\u00e5 blinken, &hellip; <a href=\"https:\/\/assk.no\/index.php\/t96\/\" class=\"more-link\">Fortsett \u00e5 lese <span class=\"screen-reader-text\">T96<\/span> <span class=\"meta-nav\">&rarr;<\/span><\/a><\/p>\n","protected":false},"author":1,"featured_media":0,"parent":0,"menu_order":0,"comment_status":"closed","ping_status":"closed","template":"","meta":{"footnotes":""},"class_list":["post-2240","page","type-page","status-publish","hentry"],"_links":{"self":[{"href":"https:\/\/assk.no\/index.php\/wp-json\/wp\/v2\/pages\/2240","targetHints":{"allow":["GET"]}}],"collection":[{"href":"https:\/\/assk.no\/index.php\/wp-json\/wp\/v2\/pages"}],"about":[{"href":"https:\/\/assk.no\/index.php\/wp-json\/wp\/v2\/types\/page"}],"author":[{"embeddable":true,"href":"https:\/\/assk.no\/index.php\/wp-json\/wp\/v2\/users\/1"}],"replies":[{"embeddable":true,"href":"https:\/\/assk.no\/index.php\/wp-json\/wp\/v2\/comments?post=2240"}],"version-history":[{"count":4,"href":"https:\/\/assk.no\/index.php\/wp-json\/wp\/v2\/pages\/2240\/revisions"}],"predecessor-version":[{"id":2386,"href":"https:\/\/assk.no\/index.php\/wp-json\/wp\/v2\/pages\/2240\/revisions\/2386"}],"wp:attachment":[{"href":"https:\/\/assk.no\/index.php\/wp-json\/wp\/v2\/media?parent=2240"}],"curies":[{"name":"wp","href":"https:\/\/api.w.org\/{rel}","templated":true}]}}