{"id":2262,"date":"2023-02-19T15:33:41","date_gmt":"2023-02-19T15:33:41","guid":{"rendered":"https:\/\/assk.no\/?page_id=2262"},"modified":"2024-03-17T07:55:18","modified_gmt":"2024-03-17T07:55:18","slug":"feltpistol","status":"publish","type":"page","link":"https:\/\/assk.no\/index.php\/feltpistol\/","title":{"rendered":"Feltpistol \u00f8velser"},"content":{"rendered":"\n<p><a href=\"https:\/\/www.youtube.com\/watch?v=2xIqMIQ36cY\">Feltskyting<\/a> med pistol er det av NSF-programmene som tiltrekker seg flest ut\u00f8vere. Som regel foreg\u00e5r stevner, som navnet antyder, utend\u00f8rs i terreng med normalt 10 standplasser. \u00d8velsene i feltskyting er inndelt som f\u00f8lger:<\/p>\n\n\n\n<p><strong>Gruppe 1<\/strong><\/p>\n\n\n\n<ul class=\"wp-block-list\">\n<li>Finfelt (1F)<\/li>\n\n\n\n<li>Grovfelt (1G)<\/li>\n\n\n\n<li>Milit\u00e6rfelt (1M)<\/li>\n\n\n\n<li>Revolverfelt (1R)<\/li>\n<\/ul>\n\n\n\n<p><strong>Gruppe 2<\/strong><\/p>\n\n\n\n<ul class=\"wp-block-list\">\n<li>Spesialpistol (1SP)<\/li>\n\n\n\n<li>Spesialrevolver (1SR)<\/li>\n<\/ul>\n\n\n\n<p><strong>Gruppe 3<\/strong><\/p>\n\n\n\n<ul class=\"wp-block-list\">\n<li>Spesialfelt, Magnum1 (1M1)<\/li>\n\n\n\n<li>Spesialfelt, Magnum2 (1M2)<\/li>\n<\/ul>\n\n\n\n<p><\/p>\n\n\n\n<p>Det skytes 6 skudd p\u00e5 hver standplass i gruppe 1, i gruppe 2 og 3 skytes det 5 skudd. L\u00f8ypa kan best\u00e5 av sv\u00e6rt ulike typer m\u00e5l, ogs\u00e5 bevegelig eller oppdukkende. Avstand til disse varierer, fra 5 til 70m meter (200 meter i magnum), ogs\u00e5 innenfor samme standplass. Skytetider i gruppe 1 og 2 b\u00f8r variere mellom 10 og 15 sekunder, korteste tis er 6 sekunder. I gruppe 3 er skytetiden inntil 60 sekunder og korteste ti er 14 sekunder<\/p>\n\n\n\n<p><a href=\"https:\/\/melhus-ss.no\/kommandoer-feltpistol\/\" target=\"_blank\" rel=\"noreferrer noopener\">Kommandoene for feltpistol finner du her<\/a><\/p>\n\n\n\n<p>Hver feltl\u00f8ype best\u00e5r&nbsp;av 10 standplasser, og p\u00e5 hver standplass skal hver skytter skyte p\u00e5 blinker plassert foran dem, alt fra en til seks ulike blinker. P\u00e5 hver standplass skytes det seks skudd og det er opp til hver enkelt skytter hvor han eller hun vil plassere de seks skuddene og i hvilke figurer.<\/p>\n\n\n\n<p>Poengene i feltskytingen regnes slik:<\/p>\n\n\n\n<p>Hvert m\u00e5l som treffes gir et poeng, og hvert treff gir ett poeng. Skytteren kan alts\u00e5 oppn\u00e5 maks to poeng per skudd som avfyres.<\/p>\n\n\n\n<p><em>Et treff i en skive gir et poeng for skiva + et poeng for treffet<br>To treff i samme skive gir et poeng for skiva + to poeng for treffene.<\/em><\/p>\n\n\n\n<p>Dette poengsystemet forklarer hvorfor det l\u00f8nner seg \u00e5 treffe flest mulig blinker. Hvis du treffer en blink kan du f\u00e5 to poeng, et for treff og et for blink. Noen av m\u00e5lene kan i tillegg gi innertreff. Disse innertreffene gir ikke ekstra poeng, men telles med for \u00e5 kunne rangere skyttere som ellers hadde endt opp med lik poengsum.<\/p>\n\n\n\n<p>Maksimal oppn\u00e5elig poengsum varierer fra konkurranse til konkurranse ettersom at oppsettet av skiver og vanskelighetsgradene kan v\u00e6re forskjellige, men den pleier \u00e5 ligge p\u00e5 rundt 100 poeng.<\/p>\n\n\n\n<p>For \u00e5 f\u00e5 variasjon underveis i feltl\u00f8ypa kan man skyte ulike stillinger. I feltpistolskyting har man skytestillingene st\u00e5ende, knest\u00e5ende eller liggende med begge hender, og enkelth\u00e5nd som standard skyteposisjon.<\/p>\n\n\n\n<p><\/p>\n\n\n\n<p>Det blir ogs\u00e5 arrangert halv-felt stevner, dvs. en l\u00f8ype med bare 5 standplasser. <\/p>\n\n\n\n<p>Les mer om&nbsp;<a href=\"https:\/\/www.skyting.no\/wp-content\/uploads\/2020\/12\/nytt-reglement-felt-t96-2021.pdf#page=3\" target=\"_blank\" rel=\"noreferrer noopener\">reglene i kapittel 8.25 Feltpistol (side 3)<\/a>.<\/p>\n","protected":false},"excerpt":{"rendered":"<p>Feltskyting med pistol er det av NSF-programmene som tiltrekker seg flest ut\u00f8vere. Som regel foreg\u00e5r stevner, som navnet antyder, utend\u00f8rs i terreng med normalt 10 standplasser. \u00d8velsene i feltskyting er &hellip; <a href=\"https:\/\/assk.no\/index.php\/feltpistol\/\" class=\"more-link\">Fortsett \u00e5 lese <span class=\"screen-reader-text\">Feltpistol \u00f8velser<\/span> <span class=\"meta-nav\">&rarr;<\/span><\/a><\/p>\n","protected":false},"author":1,"featured_media":0,"parent":0,"menu_order":0,"comment_status":"closed","ping_status":"closed","template":"","meta":{"footnotes":""},"class_list":["post-2262","page","type-page","status-publish","hentry"],"_links":{"self":[{"href":"https:\/\/assk.no\/index.php\/wp-json\/wp\/v2\/pages\/2262","targetHints":{"allow":["GET"]}}],"collection":[{"href":"https:\/\/assk.no\/index.php\/wp-json\/wp\/v2\/pages"}],"about":[{"href":"https:\/\/assk.no\/index.php\/wp-json\/wp\/v2\/types\/page"}],"author":[{"embeddable":true,"href":"https:\/\/assk.no\/index.php\/wp-json\/wp\/v2\/users\/1"}],"replies":[{"embeddable":true,"href":"https:\/\/assk.no\/index.php\/wp-json\/wp\/v2\/comments?post=2262"}],"version-history":[{"count":7,"href":"https:\/\/assk.no\/index.php\/wp-json\/wp\/v2\/pages\/2262\/revisions"}],"predecessor-version":[{"id":3056,"href":"https:\/\/assk.no\/index.php\/wp-json\/wp\/v2\/pages\/2262\/revisions\/3056"}],"wp:attachment":[{"href":"https:\/\/assk.no\/index.php\/wp-json\/wp\/v2\/media?parent=2262"}],"curies":[{"name":"wp","href":"https:\/\/api.w.org\/{rel}","templated":true}]}}