{"id":2292,"date":"2023-02-20T13:16:18","date_gmt":"2023-02-20T13:16:18","guid":{"rendered":"https:\/\/assk.no\/?page_id=2292"},"modified":"2023-02-20T13:16:18","modified_gmt":"2023-02-20T13:16:18","slug":"sprintluft","status":"publish","type":"page","link":"https:\/\/assk.no\/index.php\/sprintluft\/","title":{"rendered":"Sprintluft"},"content":{"rendered":"\n<p>Dette er en nasjonal \u00f8velse. Det skytes med samme type v\u00e5pen som for de andre luft\u00f8velsene. <\/p>\n\n\n\n<p>Det skytes mot ISSF 10m luft duellskive. Denne har samme st\u00f8rrelse som standard luftskive, men er inndelt annerledes. Ytterste ring gir 5 poeng, mens det sorte feltet begynner p\u00e5 8 poeng.<\/p>\n\n\n\n<figure class=\"wp-block-image\" id=\"attachment_479\"><a href=\"https:\/\/melhus-ss.no\/wp-content\/uploads\/2016\/12\/skive_SprintLuft.png\"><img decoding=\"async\" src=\"https:\/\/melhus-ss.no\/wp-content\/uploads\/2016\/12\/skive_SprintLuft-300x293.png\" alt=\"skive_sprintluft\" class=\"wp-image-479\"\/><\/a><figcaption class=\"wp-element-caption\"><small>ISSF 10m luft duellskive<\/small><\/figcaption><\/figure>\n\n\n\n<p>Etter en forberedelsestid p\u00e5 3 minutter, skal det avfyres 5 pr\u00f8veskudd i l\u00f8pet av 150 sek.<br>Konkurransedelen best\u00e5r s\u00e5 av 30 skudd som m\u00e5 avfyres i l\u00f8pet av 15 minutter.<\/p>\n\n\n\n<p>Pr\u00f8veskudd og konkurranse starter p\u00e5 kommandoen&nbsp;<strong>START<\/strong>, og avsluttes p\u00e5 kommandoen&nbsp;<strong>STOPP<\/strong>.<\/p>\n\n\n\n<p>Det f\u00f8res ikke lister over klassekrav, og alle skyter i samme klasse.<\/p>\n\n\n\n<p><\/p>\n","protected":false},"excerpt":{"rendered":"<p>Dette er en nasjonal \u00f8velse. Det skytes med samme type v\u00e5pen som for de andre luft\u00f8velsene. Det skytes mot ISSF 10m luft duellskive. Denne har samme st\u00f8rrelse som standard luftskive, &hellip; <a href=\"https:\/\/assk.no\/index.php\/sprintluft\/\" class=\"more-link\">Fortsett \u00e5 lese <span class=\"screen-reader-text\">Sprintluft<\/span> <span class=\"meta-nav\">&rarr;<\/span><\/a><\/p>\n","protected":false},"author":1,"featured_media":0,"parent":0,"menu_order":0,"comment_status":"closed","ping_status":"closed","template":"","meta":{"footnotes":""},"class_list":["post-2292","page","type-page","status-publish","hentry"],"_links":{"self":[{"href":"https:\/\/assk.no\/index.php\/wp-json\/wp\/v2\/pages\/2292","targetHints":{"allow":["GET"]}}],"collection":[{"href":"https:\/\/assk.no\/index.php\/wp-json\/wp\/v2\/pages"}],"about":[{"href":"https:\/\/assk.no\/index.php\/wp-json\/wp\/v2\/types\/page"}],"author":[{"embeddable":true,"href":"https:\/\/assk.no\/index.php\/wp-json\/wp\/v2\/users\/1"}],"replies":[{"embeddable":true,"href":"https:\/\/assk.no\/index.php\/wp-json\/wp\/v2\/comments?post=2292"}],"version-history":[{"count":1,"href":"https:\/\/assk.no\/index.php\/wp-json\/wp\/v2\/pages\/2292\/revisions"}],"predecessor-version":[{"id":2293,"href":"https:\/\/assk.no\/index.php\/wp-json\/wp\/v2\/pages\/2292\/revisions\/2293"}],"wp:attachment":[{"href":"https:\/\/assk.no\/index.php\/wp-json\/wp\/v2\/media?parent=2292"}],"curies":[{"name":"wp","href":"https:\/\/api.w.org\/{rel}","templated":true}]}}