{"id":2376,"date":"2023-02-26T11:15:19","date_gmt":"2023-02-26T11:15:19","guid":{"rendered":"https:\/\/assk.no\/?page_id=2376"},"modified":"2023-02-26T11:30:54","modified_gmt":"2023-02-26T11:30:54","slug":"norgesfelt-2","status":"publish","type":"page","link":"https:\/\/assk.no\/index.php\/norgesfelt-2\/","title":{"rendered":"Norgesfelt"},"content":{"rendered":"\n<p>Norgesfelt er et konsept hvor det settes opp ei lik l\u00f8ype hos forskjellige klubber rundt om i Norge, med like skytetider, avstander og stillinger. Skyttere kan da m\u00e5le seg med andre skyttere i hele landet.&nbsp;<\/p>\n\n\n\n<p>&nbsp;Resultater blir meldt inn til <a href=\"https:\/\/www.norgesfelt.no\/\"><strong>NorgesFelt.no<\/strong><\/a> og det blir lister for beste enkeltresultat, samt for de 3 beste resultater sammenlagt. Klubbene kan arrangere hvor mange stevner de \u00f8nsker og skytterne kan delta p\u00e5 s\u00e5 mange stevner de vil.&nbsp;<\/p>\n\n\n\n<p><a href=\"https:\/\/www.norgesfelt.no\/index.php\/loypebeskrivlse-2022\"><strong>Om l\u00f8ypa<\/strong>&nbsp;<\/a><\/p>\n\n\n\n<p>Stevne kan arrangeres innend\u00f8rs eller utend\u00f8rs p\u00e5 en 25 meters bane, eller i terrenget. L\u00f8ypa settes opp med 8 standplasser med 15 og 25 meters hold etter en fast mal. 4 hold med en m\u00e5lgruppe, og 4 hold med 2 m\u00e5lgrupper. Det er lik skytetid (10 sek) p\u00e5 alle standplasser slik at man kan bruke felles kommando for flere eller alle standplasser. Dette gj\u00f8r at det kreves et minimum av funksjon\u00e6rer for \u00e5 gjennomf\u00f8re et stevne.&nbsp;<\/p>\n\n\n\n<p>Skytinga foreg\u00e5r som \u201dbanefelt\u201d Man starter p\u00e5 hold 1 og flytter seg til neste hold etter ferdig serie og visitering. Om man \u00f8nsker 1, 2 eller flere skyttere p\u00e5 hvert \u201dlag\u201d er opp til arrang\u00f8r. \u00a0<a href=\"https:\/\/www.youtube.com\/watch?v=cVPf-H8cqGg\">Norgesfelt p\u00e5 YouTube<\/a><\/p>\n\n\n\n<p><strong>Resultater<\/strong>&nbsp;<\/p>\n\n\n\n<p>Vi f\u00f8rer lister for feltklassene: Finfelt &#8211; Grovfelt &#8211; Milit\u00e6rfelt &#8211; Revolverfelt &#8211; Spesialpistol &#8211; Spesialrevolver&nbsp;<\/p>\n\n\n\n<p>Resultatene blir \u00e5 finne her p\u00e5 <a href=\"https:\/\/www.norgesfelt.no\/\">nettsida<\/a>. De 3 beste resultatene teller og blir lagt sammen, i tillegg blir det en liste over beste oppn\u00e5dde resultat. Alle stiller i samme klasse.&nbsp;<br>Det blir ikke brukt ytterligere rangering enn treff\/innertreff.&nbsp;<\/p>\n\n\n\n<p>Rankinglistene gjelder fra 1.Januar til 31.Desember, og det er ingen begrensninger i antall stevner man kan delta p\u00e5.&nbsp;<\/p>\n\n\n\n<p>Listene oppdateres regelmessig s\u00e5 vi kan se hvordan vi selv ligger an, og hvordan andre har skutt.&nbsp;<br>Vi utsteder diplom til de tre beste i hver klasse.&nbsp;<\/p>\n","protected":false},"excerpt":{"rendered":"<p>Norgesfelt er et konsept hvor det settes opp ei lik l\u00f8ype hos forskjellige klubber rundt om i Norge, med like skytetider, avstander og stillinger. Skyttere kan da m\u00e5le seg med &hellip; <a href=\"https:\/\/assk.no\/index.php\/norgesfelt-2\/\" class=\"more-link\">Fortsett \u00e5 lese <span class=\"screen-reader-text\">Norgesfelt<\/span> <span class=\"meta-nav\">&rarr;<\/span><\/a><\/p>\n","protected":false},"author":1,"featured_media":0,"parent":0,"menu_order":0,"comment_status":"closed","ping_status":"closed","template":"","meta":{"footnotes":""},"class_list":["post-2376","page","type-page","status-publish","hentry"],"_links":{"self":[{"href":"https:\/\/assk.no\/index.php\/wp-json\/wp\/v2\/pages\/2376","targetHints":{"allow":["GET"]}}],"collection":[{"href":"https:\/\/assk.no\/index.php\/wp-json\/wp\/v2\/pages"}],"about":[{"href":"https:\/\/assk.no\/index.php\/wp-json\/wp\/v2\/types\/page"}],"author":[{"embeddable":true,"href":"https:\/\/assk.no\/index.php\/wp-json\/wp\/v2\/users\/1"}],"replies":[{"embeddable":true,"href":"https:\/\/assk.no\/index.php\/wp-json\/wp\/v2\/comments?post=2376"}],"version-history":[{"count":3,"href":"https:\/\/assk.no\/index.php\/wp-json\/wp\/v2\/pages\/2376\/revisions"}],"predecessor-version":[{"id":2384,"href":"https:\/\/assk.no\/index.php\/wp-json\/wp\/v2\/pages\/2376\/revisions\/2384"}],"wp:attachment":[{"href":"https:\/\/assk.no\/index.php\/wp-json\/wp\/v2\/media?parent=2376"}],"curies":[{"name":"wp","href":"https:\/\/api.w.org\/{rel}","templated":true}]}}