{"id":2452,"date":"2023-03-05T06:38:17","date_gmt":"2023-03-05T06:38:17","guid":{"rendered":"https:\/\/assk.no\/?page_id=2452"},"modified":"2025-05-09T09:34:09","modified_gmt":"2025-05-09T09:34:09","slug":"organisasjon","status":"publish","type":"page","link":"https:\/\/assk.no\/index.php\/organisasjon\/","title":{"rendered":"Organisasjon"},"content":{"rendered":"\n<p>Alta Sportsskytterklubb best\u00e5r av fire undergrupper som administrerer forskjellige grener.<\/p>\n\n\n\n<p>NSF gruppa som er den st\u00f8rste organiserer trening og stevner i \u00f8velser tilsluttet Norges Skytterforbund (NSF).<\/p>\n\n\n\n<p>Dynamisk gruppa organiserer trening og stevner i \u00f8velser tilsluttet Dynamisk Sportsskyting Norge (DSSN)<\/p>\n\n\n\n<p>Wild North Frontiers organiserer trening og stevner i \u00f8velser tilsluttet Scandinavian Western Shooters (SWS)<\/p>\n\n\n\n<p>Bue gruppa er for tiden inaktiv<\/p>\n\n\n\n<figure class=\"wp-block-image size-full\"><img loading=\"lazy\" decoding=\"async\" width=\"713\" height=\"557\" src=\"https:\/\/assk.no\/wp-content\/uploads\/2023\/03\/Organisasjonsplan.jpg\" alt=\"\" class=\"wp-image-2453\" srcset=\"https:\/\/assk.no\/wp-content\/uploads\/2023\/03\/Organisasjonsplan.jpg 713w, https:\/\/assk.no\/wp-content\/uploads\/2023\/03\/Organisasjonsplan-300x234.jpg 300w\" sizes=\"auto, (max-width: 713px) 100vw, 713px\" \/><figcaption class=\"wp-element-caption\">Organisasjonsplan<\/figcaption><\/figure>\n\n\n\n<p><\/p>\n","protected":false},"excerpt":{"rendered":"<p>Alta Sportsskytterklubb best\u00e5r av fire undergrupper som administrerer forskjellige grener. NSF gruppa som er den st\u00f8rste organiserer trening og stevner i \u00f8velser tilsluttet Norges Skytterforbund (NSF). Dynamisk gruppa organiserer trening &hellip; <a href=\"https:\/\/assk.no\/index.php\/organisasjon\/\" class=\"more-link\">Fortsett \u00e5 lese <span class=\"screen-reader-text\">Organisasjon<\/span> <span class=\"meta-nav\">&rarr;<\/span><\/a><\/p>\n","protected":false},"author":1,"featured_media":0,"parent":0,"menu_order":0,"comment_status":"closed","ping_status":"closed","template":"","meta":{"footnotes":""},"class_list":["post-2452","page","type-page","status-publish","hentry"],"_links":{"self":[{"href":"https:\/\/assk.no\/index.php\/wp-json\/wp\/v2\/pages\/2452","targetHints":{"allow":["GET"]}}],"collection":[{"href":"https:\/\/assk.no\/index.php\/wp-json\/wp\/v2\/pages"}],"about":[{"href":"https:\/\/assk.no\/index.php\/wp-json\/wp\/v2\/types\/page"}],"author":[{"embeddable":true,"href":"https:\/\/assk.no\/index.php\/wp-json\/wp\/v2\/users\/1"}],"replies":[{"embeddable":true,"href":"https:\/\/assk.no\/index.php\/wp-json\/wp\/v2\/comments?post=2452"}],"version-history":[{"count":4,"href":"https:\/\/assk.no\/index.php\/wp-json\/wp\/v2\/pages\/2452\/revisions"}],"predecessor-version":[{"id":3502,"href":"https:\/\/assk.no\/index.php\/wp-json\/wp\/v2\/pages\/2452\/revisions\/3502"}],"wp:attachment":[{"href":"https:\/\/assk.no\/index.php\/wp-json\/wp\/v2\/media?parent=2452"}],"curies":[{"name":"wp","href":"https:\/\/api.w.org\/{rel}","templated":true}]}}