{"id":61,"date":"2020-05-08T04:13:09","date_gmt":"2020-05-08T03:13:09","guid":{"rendered":"https:\/\/www.kdpk.no\/?page_id=61"},"modified":"2025-05-09T09:12:13","modified_gmt":"2025-05-09T09:12:13","slug":"medlem","status":"publish","type":"page","link":"https:\/\/assk.no\/index.php\/medlem\/","title":{"rendered":"Bli medlem"},"content":{"rendered":"\n<p>Alta Sportskytterklubb  bruker Norges idrettsforbund (NIF) sitt medlemsregister og ved \u00e5 trykke p\u00e5 knappen blir du sendt videre til NIF hvor du registrerer deg og bli medlem i ASSK.  <\/p>\n\n\n\n<p>Ved \u00e5 bruke NIF\u00b4s medlemsregister ivaretar NIF dine personopplysninger og du kan selv logge inn p\u00e5&nbsp;<a href=\"http:\/\/minidrett.no\/\" target=\"_blank\" rel=\"noreferrer noopener\">minidrett.no&nbsp;<\/a>og administrere din personlige informasjon som f.eks. ny epostadresse, endre telefonnummer ol. Dette vil ASSK automatisk f\u00e5 melding om.&nbsp;P\u00e5&nbsp;<a href=\"http:\/\/minidrett.no\/\" target=\"_blank\" rel=\"noreferrer noopener\">minidrett.no<\/a>&nbsp;kan du ogs\u00e5 melde deg ut (umelding m\u00e5 skje seinest 31.12 for \u00e5 unng\u00e5 krav p\u00e5f\u00f8lgende \u00e5r). <\/p>\n\n\n\n<p><strong>Vi er derfor avhengig av at medlemmene oppgir sin e-postadresse til oss og holder den oppdatert i \u00abMin idrett\u00bb.<\/strong><\/p>\n\n\n\n<div class=\"wp-block-buttons is-layout-flex wp-block-buttons-is-layout-flex\">\n<div class=\"wp-block-button has-custom-width wp-block-button__width-100 is-style-fill\"><a class=\"wp-block-button__link has-white-color has-vivid-cyan-blue-background-color has-text-color has-background wp-element-button\" href=\"https:\/\/medlemskap.nif.no\/28459\" style=\"border-radius:50px\" target=\"_blank\" rel=\"noreferrer noopener\"><strong>Klikk her for \u00e5 melde deg inn i ASSK<\/strong><\/a><\/div>\n<\/div>\n\n\n\n<p><strong>Medlemskapspriser \u2013 Alta Sportskytterklubb<\/strong><\/p>\n\n\n\n<p>\ud83d\udd39 <strong>Alle aktive medlemmer<\/strong> (unntatt junior og barn) betaler <strong>kr 570<\/strong> til forbund og krets i tillegg til klubbkontingenten.<\/p>\n\n\n\n<figure class=\"wp-block-table\"><table class=\"has-fixed-layout\"><thead><tr><th><strong>Medlemskapstype<\/strong><\/th><th><strong>Pris klubb<\/strong><\/th><th><strong>Forbund\/krets<\/strong><\/th><th><strong>Totalt<\/strong><\/th><\/tr><\/thead><tbody><tr><td><strong>Ordin\u00e6rt medlem<\/strong> (21\u201367 \u00e5r)<\/td><td>kr 1200,-<\/td><td>kr 570,-<\/td><td><strong>kr 1770,-<\/strong><\/td><\/tr><tr><td><strong>Familie<\/strong> (samlet pris)<\/td><td>kr 2000,-<\/td><td>kr 570,- per voksen<\/td><td><strong>Varierer<\/strong><\/td><\/tr><tr><td><strong>Honn\u00f8r \/ Uf\u00f8r \/ Student<\/strong><\/td><td>kr 500,-<\/td><td>kr 570,-<\/td><td><strong>kr 1070,-<\/strong> (inkl. kaffeavtale)<\/td><\/tr><tr><td><strong>Barn (0\u201316 \u00e5r)<\/strong><\/td><td>kr 250,-<\/td><td>\u2013<\/td><td><strong>kr 250,-<\/strong><\/td><\/tr><tr><td><strong>Junior (17\u201321 \u00e5r)<\/strong><\/td><td>kr 600,-<\/td><td>\u2013<\/td><td><strong>kr 600,-<\/strong><\/td><\/tr><tr><td><strong>Utenbys medlem<\/strong><\/td><td>kr 600,-<\/td><td>\u2013<\/td><td><strong>kr 600,-<\/strong><\/td><\/tr><tr><td><strong>St\u00f8ttemedlem<\/strong><\/td><td>kr 250,-<\/td><td>\u2013<\/td><td><strong>kr 250,-<\/strong><\/td><\/tr><tr><td><strong>St\u00f8ttemedlem m\/ kaffeavtale<\/strong><\/td><td>kr 500,-<\/td><td>\u2013<\/td><td><strong>kr 500,-<\/strong><\/td><\/tr><\/tbody><\/table><\/figure>\n\n\n\n<p>\ud83d\udccc <strong>Sikkerhetskurs:<\/strong> kr 750,-<br>\ud83d\udccc <strong>Honn\u00f8r- og studentbevis<\/strong> m\u00e5 forevises \u00f8konomiansvarlig.<\/p>\n\n\n\n<p>En utmelding m\u00e5 skje via <a href=\"https:\/\/www.minidrett.no\/profil\/medlemskap\">Medlemskap &#8211; Min idrett<\/a> f\u00f8r 31\/12. 1\/1 hvert \u00e5r belastes klubben for kontingent til forbund og krets, disse utgiftene vil bli fakturert ved utmelding etter nytt\u00e5r.<\/p>\n\n\n\n<p><\/p>\n","protected":false},"excerpt":{"rendered":"<p>Alta Sportskytterklubb bruker Norges idrettsforbund (NIF) sitt medlemsregister og ved \u00e5 trykke p\u00e5 knappen blir du sendt videre til NIF hvor du registrerer deg og bli medlem i ASSK. Ved &hellip; <a href=\"https:\/\/assk.no\/index.php\/medlem\/\" class=\"more-link\">Fortsett \u00e5 lese <span class=\"screen-reader-text\">Bli medlem<\/span> <span class=\"meta-nav\">&rarr;<\/span><\/a><\/p>\n","protected":false},"author":1,"featured_media":0,"parent":0,"menu_order":0,"comment_status":"closed","ping_status":"closed","template":"","meta":{"footnotes":""},"class_list":["post-61","page","type-page","status-publish","hentry"],"_links":{"self":[{"href":"https:\/\/assk.no\/index.php\/wp-json\/wp\/v2\/pages\/61","targetHints":{"allow":["GET"]}}],"collection":[{"href":"https:\/\/assk.no\/index.php\/wp-json\/wp\/v2\/pages"}],"about":[{"href":"https:\/\/assk.no\/index.php\/wp-json\/wp\/v2\/types\/page"}],"author":[{"embeddable":true,"href":"https:\/\/assk.no\/index.php\/wp-json\/wp\/v2\/users\/1"}],"replies":[{"embeddable":true,"href":"https:\/\/assk.no\/index.php\/wp-json\/wp\/v2\/comments?post=61"}],"version-history":[{"count":16,"href":"https:\/\/assk.no\/index.php\/wp-json\/wp\/v2\/pages\/61\/revisions"}],"predecessor-version":[{"id":3500,"href":"https:\/\/assk.no\/index.php\/wp-json\/wp\/v2\/pages\/61\/revisions\/3500"}],"wp:attachment":[{"href":"https:\/\/assk.no\/index.php\/wp-json\/wp\/v2\/media?parent=61"}],"curies":[{"name":"wp","href":"https:\/\/api.w.org\/{rel}","templated":true}]}}